{"id":71,"date":"2019-06-23T13:37:12","date_gmt":"2019-06-23T13:37:12","guid":{"rendered":"http:\/\/therapeutische-praxis-gelnhausen.de\/?page_id=71"},"modified":"2019-06-23T14:36:09","modified_gmt":"2019-06-23T14:36:09","slug":"datenschutz","status":"publish","type":"page","link":"https:\/\/therapeutische-praxis-gelnhausen.de\/?page_id=71","title":{"rendered":"datenschutz"},"content":{"rendered":"\n<p>Datenschutzerkl\u00e4rung <br>&nbsp;<br>&nbsp;Diese Datenschutzerkl\u00e4rung kl\u00e4rt \nSie \u00fcber die Art, den Umfang und Zweck der Verarbeitung von personenbezogenen \nDaten (nachfolgend kurz \u201eDaten\u201c) innerhalb unserer Webseiten, Funktionen und \nInhalte. Im Hinblick auf die verwendeten Begrifflichkeiten, wie z.B. \n\u201eVerarbeitung\u201c oder \u201eVerantwortlicher\u201c verweisen wir auf die Definitionen im \nArt. 4 der Datenschutzgrundverordnung (DSGVO).<br>Verantwortlicher:<br>Gabriele \nKatharina Rietow<br>Zum Wartturm 5<br>63571 Gelnhausen<\/p>\n\n\n\n<p><strong>Arten der verarbeiteten Daten: <br>&nbsp;&#8211; Bestandsdaten (z.B., \nNamen, Adressen).<br>&nbsp;&#8211; Kontaktdaten (z.B., E-Mail, Telefonnummern, \nMobilnummer).<br>&nbsp;&#8211; Inhaltsdaten (z.B., Texteingaben, Fotografien,).<br>&nbsp;&#8211; \nNutzungsdaten (z.B., besuchte Webseiten, Interesse an Inhalten, \nZugriffszeiten).<br>&nbsp;&#8211; Meta-\/Kommunikationsdaten (z.B., Ger\u00e4te-Informationen, \nIP-Adressen). <br>&nbsp;<br>&nbsp;Kategorien betroffener Personen <br>&nbsp;Besucher und Nutzer \nder Onlinepr\u00e4senz (Nachfolgend bezeichnen wir die betroffenen Personen \nzusammenfassend auch als \u201eNutzer\u201c). <br>&nbsp;<br>&nbsp;Zweck der Verarbeitung <br>&nbsp;&#8211; \nZurverf\u00fcgungstellung der Onlinepr\u00e4senz, seiner Funktionen und Inhalte.<br>&nbsp;&#8211; \nBeantwortung von Kontaktanfragen und Kommunikation mit Nutzern.<br>&nbsp;&#8211; \nSicherheitsma\u00dfnahmen.<br>&nbsp;&#8211; Reichweitenmessung\/Marketing<br>&nbsp;<br>&nbsp;Ma\u00dfgebliche \nRechtsgrundlagen <br>&nbsp;Nach Ma\u00dfgabe des Art. 13 DSGVO teilen wir Ihnen die \nRechtsgrundlagen unserer Datenverarbeitungen mit. Sofern die Rechtsgrundlage in \nder Datenschutzerkl\u00e4rung nicht genannt wird, gilt Folgendes: Die Rechtsgrundlage \nf\u00fcr die Einholung von Einwilligungen ist Art. 6 Abs. 1 lit. a und Art. 7 DSGVO, \ndie Rechtsgrundlage f\u00fcr die Verarbeitung zur Erf\u00fcllung unserer Leistungen und \nDurchf\u00fchrung vertraglicher Ma\u00dfnahmen sowie Beantwortung von Anfragen ist Art. 6 \nAbs. 1 lit. b DSGVO, die Rechtsgrundlage f\u00fcr die Verarbeitung zur Erf\u00fcllung \nunserer rechtlichen Verpflichtungen ist Art. 6 Abs. 1 lit. c DSGVO, und die \nRechtsgrundlage f\u00fcr die Verarbeitung zur Wahrung unserer berechtigten Interessen \nist Art. 6 Abs. 1 lit. f DSGVO. F\u00fcr den Fall, dass lebenswichtige Interessen der \nbetroffenen Person oder einer anderen nat\u00fcrlichen Person eine Verarbeitung \npersonenbezogener Daten erforderlich machen, dient Art. 6 Abs. 1 lit. d DSGVO \nals Rechtsgrundlage. <br>&nbsp;<br>&nbsp;Sicherheitsma\u00dfnahmen <br>&nbsp;Wir treffen nach \nMa\u00dfgabe des Art. 32 DSGVO unter Ber\u00fccksichtigung des Stands der Technik, der \nImplementierungskosten und der Art, des Umfangs, der Umst\u00e4nde und der Zwecke der \nVerarbeitung sowie der unterschiedlichen Eintrittswahrscheinlichkeit und Schwere \ndes Risikos f\u00fcr die Rechte und Freiheiten nat\u00fcrlicher Personen, geeignete \ntechnische und organisatorische Ma\u00dfnahmen, um ein dem Risiko angemessenes \nSchutzniveau zu gew\u00e4hrleisten.<br>&nbsp;<br>&nbsp;Zu den Ma\u00dfnahmen geh\u00f6ren insbesondere \ndie Sicherung der Vertraulichkeit, Integrit\u00e4t und Verf\u00fcgbarkeit von Daten durch \nKontrolle des physischen Zugangs zu den Daten, als auch des sie betreffenden \nZugriffs, der Eingabe, Weitergabe, der Sicherung der Verf\u00fcgbarkeit und ihrer \nTrennung. Des Weiteren haben wir Verfahren eingerichtet, die eine Wahrnehmung \nvon Betroffenenrechten, L\u00f6schung von Daten und Reaktion auf Gef\u00e4hrdung der Daten \ngew\u00e4hrleisten. Ferner ber\u00fccksichtigen wir den Schutz personenbezogener Daten \nbereits bei der Entwicklung, bzw. Auswahl von Hardware, Software sowie \nVerfahren, entsprechend dem Prinzip des Datenschutzes durch Technikgestaltung \nund durch datenschutzfreundliche Voreinstellungen (Art. 25 DSGVO). \n<br>&nbsp;<br>&nbsp;Zusammenarbeit mit Auftragsverarbeitern und Dritten <br>&nbsp;Nicht \nvorhanden.<br>&nbsp;<br>&nbsp;\u00dcbermittlungen in Drittl\u00e4nder <br>&nbsp;Nicht \nvorhanden<br>&nbsp;<br>&nbsp;Rechte der betroffenen Personen <br>&nbsp;Sie haben das Recht, \neine Best\u00e4tigung dar\u00fcber zu verlangen, ob betreffende Daten verarbeitet werden \nund auf Auskunft \u00fcber diese Daten sowie auf weitere Informationen und Kopie der \nDaten entsprechend Art. 15 DSGVO.<br>&nbsp;Sie haben entsprechend. Art. 16 DSGVO das \nRecht, die Vervollst\u00e4ndigung der Sie betreffenden Daten oder die Berichtigung \nder Sie betreffenden unrichtigen Daten zu verlangen.<br>&nbsp;Sie haben nach Ma\u00dfgabe \ndes Art. 17 DSGVO das Recht zu verlangen, dass betreffende Daten unverz\u00fcglich \ngel\u00f6scht werden, bzw. alternativ nach Ma\u00dfgabe des Art. 18 DSGVO eine \nEinschr\u00e4nkung der Verarbeitung der Daten zu verlangen.<br>&nbsp;Sie haben das Recht \nzu verlangen, dass die Sie betreffenden Daten, die Sie uns bereitgestellt haben \nnach Ma\u00dfgabe des Art. 20 DSGVO zu erhalten und deren \u00dcbermittlung an andere \nVerantwortliche zu fordern.<br>&nbsp;Sie haben ferner gem. Art. 77 DSGVO das Recht, \neine Beschwerde bei der zust\u00e4ndigen Aufsichtsbeh\u00f6rde einzureichen. \n<br>&nbsp;<br>&nbsp;Widerrufsrecht <br>&nbsp;Sie haben das Recht, erteilte Einwilligungen gem. \nArt. 7 Abs. 3 DSGVO mit Wirkung f\u00fcr die Zukunft zu \nwiderrufen<br>&nbsp;<br>&nbsp;Widerspruchsrecht <br>&nbsp;Sie k\u00f6nnen der k\u00fcnftigen Verarbeitung \nder Sie betreffenden Daten nach Ma\u00dfgabe des Art. 21 DSGVO jederzeit \nwidersprechen. Der Widerspruch kann insbesondere gegen die Verarbeitung f\u00fcr \nZwecke der Direktwerbung erfolgen. <br>&nbsp;<br>&nbsp;Cookies und Widerspruchsrecht bei \nDirektwerbung <br>&nbsp;Wir verzichten in unserer Onlinepr\u00e4senz auf \nCookies.<br>&nbsp;<br>&nbsp;L\u00f6schung von Daten <br>&nbsp;Die von uns verarbeiteten Daten werden \nnach Ma\u00dfgabe der Art. 17 und 18 DSGVO gel\u00f6scht oder in ihrer Verarbeitung \neingeschr\u00e4nkt. Sofern nicht im Rahmen dieser Datenschutzerkl\u00e4rung ausdr\u00fccklich \nangegeben, werden die bei uns gespeicherten Daten gel\u00f6scht, sobald sie f\u00fcr ihre \nZweckbestimmung nicht mehr erforderlich sind und der L\u00f6schung keine gesetzlichen \nAufbewahrungspflichten entgegenstehen. <br>&nbsp;Nach gesetzlichen Vorgaben in \nDeutschland, erfolgt die Aufbewahrung insbesondere f\u00fcr 10 Jahre gem\u00e4\u00df \u00a7\u00a7 147 \nAbs. 1 AO, 257 Abs. 1 Nr. 1 und 4, Abs. 4 HGB (B\u00fccher, Aufzeichnungen, \nLageberichte, Buchungsbelege, Handelsb\u00fccher, f\u00fcr Besteuerung relevanter \nUnterlagen, etc.) und 6 Jahre gem\u00e4\u00df \u00a7 257 Abs. 1 Nr. 2 und 3, Abs. 4 HGB \n(Handelsbriefe).<br>&nbsp;<br>&nbsp;Therapeutische Leistungen <br>&nbsp;Die \nPsychotherapeutischen Praxis Gabriele Katharina Rietow verarbeitet die Daten der \nKlienten und Interessenten und anderer Auftraggeber oder Vertragspartner \n(einheitlich bezeichnet als \u201eKlienten\u201c) entsprechend Art. 6 Abs. 1 lit. b) \nDSGVO, um ihnen gegen\u00fcber die vertraglichen oder vorvertraglichen Leistungen zu \nerbringen. Die hierbei verarbeiteten Daten, die Art, der Umfang und der Zweck \nund die Erforderlichkeit ihrer Verarbeitung, bestimmen sich nach dem \nzugrundeliegenden Vertragsverh\u00e4ltnis. Zu den verarbeiteten Daten geh\u00f6ren \ngrunds\u00e4tzlich Bestands- und Stammdaten der Klienten (z.B., Name, Adresse, etc.), \nals auch die Kontaktdaten (z.B., E-Mailadresse, Telefon, Mobil etc.), die \nVertragsdaten (z.B., in Anspruch genommene Leistungen, Honorare, Namen von \nKontaktpersonen, etc.) und Zahlungsdaten (z.B., Bankverbindung, \nZahlungshistorie, etc.).<br>&nbsp;<br>&nbsp;L\u00f6schung Ihrer Daten<br>&nbsp;Die L\u00f6schung der \nDaten erfolgt, wenn die Daten zur Erf\u00fcllung vertraglicher oder gesetzlicher \nF\u00fcrsorgepflichten sowie Umgang mit etwaigen Gew\u00e4hrleistungs- und vergleichbaren \nPflichten nicht mehr erforderlich ist, wobei die Erforderlichkeit der \nAufbewahrung der Daten alle drei Jahre \u00fcberpr\u00fcft wird; im \u00dcbrigen gelten die \ngesetzlichen Aufbewahrungspflichten.<br>&nbsp;<br>&nbsp;Kontaktaufnahme <br>&nbsp;Bei der \nKontaktaufnahme mit der Psychotherapeutischen Praxis Gabriele Katharina Rietow \n(z.B. per Kontaktformular, E-Mail, Telefon, WhatsApp oder via sozialer Medien) \nwerden die Angaben des Nutzers zur Bearbeitung der Kontaktanfrage und deren \nAbwicklung gem. Art. 6 Abs. 1 lit. b) DSGVO verarbeitet. Wir l\u00f6schen die \nAnfragen, sofern diese nicht mehr erforderlich sind. Wir \u00fcberpr\u00fcfen die \nErforderlichkeit alle zwei Jahre; Ferner gelten die gesetzlichen \nArchivierungspflichten. <br>&nbsp;<br>&nbsp;WhatsApp <br>&nbsp;Zur Vereinfachung von \nInformationsaustausch (Terminvereinbarung, Terminstornierungen) zwischen Klient \nund Therapeut wird WhatsApp genutzt. Der WhatsApp Dialog wird nach der \nBeendigung des Klienten\/Therapeutenverh\u00e4ltnisses innerhalb von 4 Wochen \ngel\u00f6scht.<br>&nbsp;Datenschutzrichtlinien von WhatsApp <br>&nbsp;<a href=\"https:\/\/www.whatsapp.com\/legal?eea=1#privacy-policy\">https:\/\/www.whatsapp.com\/legal?eea=1#privacy-policy<\/a><br>&nbsp;<br>&nbsp;Google \nMaps <br>&nbsp;Wir binden die Landkarten des Dienstes \u201cGoogle Maps\u201d des Anbieters \nGoogle LLC, 1600 Amphitheatre Parkway, Mountain View, CA 94043, USA, ein. Zu den \nverarbeiteten Daten k\u00f6nnen insbesondere IP-Adressen und Standortdaten der Nutzer \ngeh\u00f6ren, die jedoch nicht ohne deren Einwilligung (im Regelfall im Rahmen der \nEinstellungen ihrer Mobilger\u00e4te vollzogen), erhoben werden. Die Daten k\u00f6nnen in \nden USA verarbeitet werden. Datenschutzerkl\u00e4rung: <a href=\"https:\/\/www.google.com\/policies\/privacy\/\" target=\"_blank\" rel=\"noreferrer noopener\">https:\/\/www.google.com\/policies\/privacy\/<\/a> Opt-Out:<br>&nbsp;<a href=\"https:\/\/adssettings.google.com\/authenticated\" target=\"_blank\" rel=\"noreferrer noopener\">https:\/\/adssettings.google.com\/authenticated<\/a>. <\/strong><\/p>\n","protected":false},"excerpt":{"rendered":"<p>Datenschutzerkl\u00e4rung &nbsp;&nbsp;Diese Datenschutzerkl\u00e4rung kl\u00e4rt Sie \u00fcber die Art, den Umfang und Zweck der Verarbeitung von personenbezogenen Daten (nachfolgend kurz \u201eDaten\u201c) innerhalb unserer Webseiten, Funktionen und Inhalte. Im Hinblick auf die verwendeten Begrifflichkeiten, wie z.B. \u201eVerarbeitung\u201c oder \u201eVerantwortlicher\u201c verweisen wir auf die Definitionen im Art. 4 der Datenschutzgrundverordnung (DSGVO).Verantwortlicher:Gabriele Katharina RietowZum Wartturm 563571 Gelnhausen Arten der &hellip; <\/p>\n<p class=\"link-more\"><a href=\"https:\/\/therapeutische-praxis-gelnhausen.de\/?page_id=71\" class=\"more-link\"><span class=\"screen-reader-text\">\u201edatenschutz\u201c <\/span>weiterlesen<\/a><\/p>\n","protected":false},"author":1,"featured_media":0,"parent":2,"menu_order":0,"comment_status":"closed","ping_status":"closed","template":"","meta":{"footnotes":""},"class_list":["post-71","page","type-page","status-publish","hentry"],"_links":{"self":[{"href":"https:\/\/therapeutische-praxis-gelnhausen.de\/index.php?rest_route=\/wp\/v2\/pages\/71","targetHints":{"allow":["GET"]}}],"collection":[{"href":"https:\/\/therapeutische-praxis-gelnhausen.de\/index.php?rest_route=\/wp\/v2\/pages"}],"about":[{"href":"https:\/\/therapeutische-praxis-gelnhausen.de\/index.php?rest_route=\/wp\/v2\/types\/page"}],"author":[{"embeddable":true,"href":"https:\/\/therapeutische-praxis-gelnhausen.de\/index.php?rest_route=\/wp\/v2\/users\/1"}],"replies":[{"embeddable":true,"href":"https:\/\/therapeutische-praxis-gelnhausen.de\/index.php?rest_route=%2Fwp%2Fv2%2Fcomments&post=71"}],"version-history":[{"count":3,"href":"https:\/\/therapeutische-praxis-gelnhausen.de\/index.php?rest_route=\/wp\/v2\/pages\/71\/revisions"}],"predecessor-version":[{"id":80,"href":"https:\/\/therapeutische-praxis-gelnhausen.de\/index.php?rest_route=\/wp\/v2\/pages\/71\/revisions\/80"}],"up":[{"embeddable":true,"href":"https:\/\/therapeutische-praxis-gelnhausen.de\/index.php?rest_route=\/wp\/v2\/pages\/2"}],"wp:attachment":[{"href":"https:\/\/therapeutische-praxis-gelnhausen.de\/index.php?rest_route=%2Fwp%2Fv2%2Fmedia&parent=71"}],"curies":[{"name":"wp","href":"https:\/\/api.w.org\/{rel}","templated":true}]}}